{"id":486,"date":"2025-08-06T12:49:08","date_gmt":"2025-08-06T10:49:08","guid":{"rendered":"https:\/\/xn--sdsterreich-sfb0f.at\/?page_id=486"},"modified":"2025-08-06T12:49:08","modified_gmt":"2025-08-06T10:49:08","slug":"impressum","status":"publish","type":"page","link":"https:\/\/xn--sdsterreich-sfb0f.at\/index.php\/impressum\/","title":{"rendered":"Impressum"},"content":{"rendered":"\n<h2 class=\"wp-block-heading\">Impressum<\/h2>\n\n\n\n<p>S\u00fcd\u00f6sterreich ist ein Medienkollektiv und Werbeauftritt von kreativen Menschen f\u00fcr Kreatives.<\/p>\n\n\n\n<p>Ansprechperson: <\/p>\n\n\n\n<p>Velum Filmproduktion<\/p>\n\n\n\n<p>Alte Poststra\u00dfe 122\/47, 8020 Graz<\/p>\n\n\n\n<p>Filmproduktion<\/p>\n\n\n\n<p>Telefon: +436603104577<\/p>\n\n\n\n<p>E-Mail:&nbsp;info@s\u00fcd\u00f6sterreich.at<\/p>\n\n\n\n<p>UID-Nr.: ATU69312905<\/p>\n\n\n\n<p>Mitglied der WKO, STMK<\/p>\n\n\n\n<h2 class=\"wp-block-heading\">Datenschutzerkl\u00e4rung<\/h2>\n\n\n\n<p>Alle Inhalte wurden von mir bereitgestellt und sind nur nach Anfrage und ausdr\u00fccklicher Erlaubnis in schriftlicher Form verwendbar. Das gilt sowohl f\u00fcr Privat- als auch juristischen Personen, eingeschlossen KI-basierter Programme. <\/p>\n\n\n\n<p>In folgender Datenschutzerkl\u00e4rung informiere ich Sie \u00fcber die wichtigsten Aspekte der Datenverarbeitung im Rahmen meiner Webseite. Ich erhebe und verarbeite personenbezogene Daten nur auf Grundlage der gesetzlichen Bestimmungen (DSGVO).<\/p>\n\n\n\n<p>Sobald Sie als Benutzer auf meine Webseite zugreifen oder diese besuchen wird Ihre IP-Adresse, Beginn sowie Beginn und Ende der Sitzung erfasst. Dies ist technisch bedingt und stellt somit ein berechtigtes Interesse iSv Art 6 Abs 1 lit f DSGVO.&nbsp;Detaillierte Informationen finden Sie in der <strong>Datenschutzerkl\u00e4rung<\/strong>.<\/p>\n\n\n\n<h5 class=\"wp-block-heading\">KONTAKTFORMULAR<\/h5>\n\n\n\n<p>Wenn Sie mich, entweder \u00fcber das Kontaktformular auf meiner Webseite oder per Email kontaktieren, dann werden die von Ihnen \u00fcbermittelten Daten zwecks Bearbeitung Ihrer Anfrage oder f\u00fcr den Fall von weiteren Anschlussfragen f\u00fcr sechs Monate gespeichert. Es erfolgt, ohne Ihre Einwilligung, keine Weitergabe Ihrer \u00fcbermittelten Daten.<\/p>\n\n\n\n<h5 class=\"wp-block-heading\">COOKIES<\/h5>\n\n\n\n<p>Meine Website verwendet so genannte Cookies. Dabei handelt es sich um kleine Textdateien, die mit Hilfe des Browsers auf Ihrem Endger\u00e4t abgelegt werden. Sie richten keinen Schaden an. Ich nutze Cookies dazu, mein Angebot nutzerfreundlich zu gestalten. Einige Cookies bleiben auf Ihrem Endger\u00e4t gespeichert, bis Sie diese l\u00f6schen. Sie erm\u00f6glichen es mir, Ihren Browser beim n\u00e4chsten Besuch wiederzuerkennen. Wenn Sie dies nicht w\u00fcnschen, so k\u00f6nnen Sie Ihren Browser so einrichten, dass er Sie \u00fcber das Setzen von Cookies informiert und Sie dies nur im Einzelfall erlauben. Bei der Deaktivierung von Cookies kann die Funktionalit\u00e4t meiner Website eingeschr\u00e4nkt sein. Detaillierte Informationen finden Sie in der <strong>Datenschutzerkl\u00e4rung<\/strong>.<\/p>\n\n\n\n<h5 class=\"wp-block-heading\">IHRE RECHTE ALS BETROFFENE\/R<\/h5>\n\n\n\n<p>Sie als Betroffener haben bez\u00fcglich Ihrer Daten, welche bei mit gespeichert sind grunds\u00e4tzlich ein Recht auf:<\/p>\n\n\n\n<ul class=\"wp-block-list\">\n<li>Auskunft<\/li>\n\n\n\n<li>L\u00f6schung der Daten<\/li>\n\n\n\n<li>Berichtigung der Daten<\/li>\n\n\n\n<li>\u00dcbertragbarkeit der Daten<\/li>\n\n\n\n<li>Wiederruf und Widerspruch zur Datenverarbeitung<\/li>\n\n\n\n<li>Einschr\u00e4nkung<\/li>\n<\/ul>\n\n\n\n<h5 class=\"wp-block-heading\"><\/h5>\n","protected":false},"excerpt":{"rendered":"<p>Impressum S\u00fcd\u00f6sterreich ist ein Medienkollektiv und Werbeauftritt von kreativen Menschen f\u00fcr Kreatives. Ansprechperson: Velum Filmproduktion Alte Poststra\u00dfe 122\/47, 8020 Graz Filmproduktion Telefon: +436603104577 E-Mail:&nbsp;info@s\u00fcd\u00f6sterreich.at UID-Nr.: ATU69312905 Mitglied der WKO, STMK Datenschutzerkl\u00e4rung Alle Inhalte wurden von mir bereitgestellt und sind nur nach Anfrage und ausdr\u00fccklicher Erlaubnis in schriftlicher Form verwendbar. Das gilt sowohl f\u00fcr Privat- als [&hellip;]<\/p>\n","protected":false},"author":1,"featured_media":0,"parent":0,"menu_order":0,"comment_status":"closed","ping_status":"closed","template":"","meta":{"footnotes":""},"class_list":["post-486","page","type-page","status-publish","hentry"],"_links":{"self":[{"href":"https:\/\/xn--sdsterreich-sfb0f.at\/index.php\/wp-json\/wp\/v2\/pages\/486","targetHints":{"allow":["GET"]}}],"collection":[{"href":"https:\/\/xn--sdsterreich-sfb0f.at\/index.php\/wp-json\/wp\/v2\/pages"}],"about":[{"href":"https:\/\/xn--sdsterreich-sfb0f.at\/index.php\/wp-json\/wp\/v2\/types\/page"}],"author":[{"embeddable":true,"href":"https:\/\/xn--sdsterreich-sfb0f.at\/index.php\/wp-json\/wp\/v2\/users\/1"}],"replies":[{"embeddable":true,"href":"https:\/\/xn--sdsterreich-sfb0f.at\/index.php\/wp-json\/wp\/v2\/comments?post=486"}],"version-history":[{"count":4,"href":"https:\/\/xn--sdsterreich-sfb0f.at\/index.php\/wp-json\/wp\/v2\/pages\/486\/revisions"}],"predecessor-version":[{"id":491,"href":"https:\/\/xn--sdsterreich-sfb0f.at\/index.php\/wp-json\/wp\/v2\/pages\/486\/revisions\/491"}],"wp:attachment":[{"href":"https:\/\/xn--sdsterreich-sfb0f.at\/index.php\/wp-json\/wp\/v2\/media?parent=486"}],"curies":[{"name":"wp","href":"https:\/\/api.w.org\/{rel}","templated":true}]}}